{"id":11,"date":"2022-07-14T09:24:06","date_gmt":"2022-07-14T07:24:06","guid":{"rendered":"http:\/\/mpadmin.fr\/?page_id=11"},"modified":"2022-11-23T17:06:26","modified_gmt":"2022-11-23T16:06:26","slug":"page-daccueil","status":"publish","type":"page","link":"https:\/\/mpadmin.fr\/","title":{"rendered":"Votre avis compte !"},"content":{"rendered":"\t\t<div data-elementor-type=\"wp-page\" data-elementor-id=\"11\" class=\"elementor elementor-11\">\n\t\t\t\t\t\t\t\t\t<section class=\"elementor-section elementor-top-section elementor-element elementor-element-f52d7cd elementor-section-boxed elementor-section-height-default elementor-section-height-default wpr-particle-no wpr-jarallax-no wpr-parallax-no wpr-sticky-section-no\" data-id=\"f52d7cd\" data-element_type=\"section\">\n\t\t\t\t\t\t<div class=\"elementor-container elementor-column-gap-default\">\n\t\t\t\t\t<div class=\"elementor-column elementor-col-100 elementor-top-column elementor-element elementor-element-6bacedd\" data-id=\"6bacedd\" data-element_type=\"column\">\n\t\t\t<div class=\"elementor-widget-wrap elementor-element-populated\">\n\t\t\t\t\t\t\t\t<div class=\"elementor-element elementor-element-d87a18e elementor-widget elementor-widget-image\" data-id=\"d87a18e\" data-element_type=\"widget\" data-widget_type=\"image.default\">\n\t\t\t\t<div class=\"elementor-widget-container\">\n\t\t\t<style>\/*! elementor - v3.7.8 - 02-10-2022 *\/\n.elementor-widget-image{text-align:center}.elementor-widget-image a{display:inline-block}.elementor-widget-image a img[src$=\".svg\"]{width:48px}.elementor-widget-image img{vertical-align:middle;display:inline-block}<\/style>\t\t\t\t\t\t\t\t\t\t\t\t<img loading=\"lazy\" decoding=\"async\" width=\"960\" height=\"369\" src=\"https:\/\/mpadmin.fr\/wp-content\/uploads\/2022\/11\/Juliane-LCDJ-evenements-1024x394.png\" class=\"attachment-large size-large\" alt=\"\" srcset=\"https:\/\/mpadmin.fr\/wp-content\/uploads\/2022\/11\/Juliane-LCDJ-evenements-1024x394.png 1024w, https:\/\/mpadmin.fr\/wp-content\/uploads\/2022\/11\/Juliane-LCDJ-evenements-300x115.png 300w, https:\/\/mpadmin.fr\/wp-content\/uploads\/2022\/11\/Juliane-LCDJ-evenements-768x295.png 768w, https:\/\/mpadmin.fr\/wp-content\/uploads\/2022\/11\/Juliane-LCDJ-evenements-1536x591.png 1536w, https:\/\/mpadmin.fr\/wp-content\/uploads\/2022\/11\/Juliane-LCDJ-evenements-2048x788.png 2048w, https:\/\/mpadmin.fr\/wp-content\/uploads\/2022\/11\/Juliane-LCDJ-evenements-1140x438.png 1140w\" sizes=\"auto, (max-width: 960px) 100vw, 960px\" \/>\t\t\t\t\t\t\t\t\t\t\t\t\t\t\t<\/div>\n\t\t\t\t<\/div>\n\t\t\t\t\t<\/div>\n\t\t<\/div>\n\t\t\t\t\t\t\t<\/div>\n\t\t<\/section>\n\t\t\t\t<section class=\"elementor-section elementor-top-section elementor-element elementor-element-17a6a68 elementor-section-boxed elementor-section-height-default elementor-section-height-default wpr-particle-no wpr-jarallax-no wpr-parallax-no wpr-sticky-section-no\" data-id=\"17a6a68\" data-element_type=\"section\">\n\t\t\t\t\t\t<div class=\"elementor-container elementor-column-gap-default\">\n\t\t\t\t\t<div class=\"elementor-column elementor-col-100 elementor-top-column elementor-element elementor-element-f4d217e\" data-id=\"f4d217e\" data-element_type=\"column\">\n\t\t\t<div class=\"elementor-widget-wrap elementor-element-populated\">\n\t\t\t\t\t\t\t\t<div class=\"elementor-element elementor-element-fca853d elementor-widget elementor-widget-image\" data-id=\"fca853d\" data-element_type=\"widget\" data-widget_type=\"image.default\">\n\t\t\t\t<div class=\"elementor-widget-container\">\n\t\t\t\t\t\t\t\t\t\t\t\t\t\t\t<img loading=\"lazy\" decoding=\"async\" width=\"768\" height=\"295\" src=\"https:\/\/mpadmin.fr\/wp-content\/uploads\/2022\/11\/Sans-titre-3-768x295.jpg\" class=\"attachment-medium_large size-medium_large\" alt=\"\" srcset=\"https:\/\/mpadmin.fr\/wp-content\/uploads\/2022\/11\/Sans-titre-3-768x295.jpg 768w, https:\/\/mpadmin.fr\/wp-content\/uploads\/2022\/11\/Sans-titre-3-300x115.jpg 300w, https:\/\/mpadmin.fr\/wp-content\/uploads\/2022\/11\/Sans-titre-3-1024x394.jpg 1024w, https:\/\/mpadmin.fr\/wp-content\/uploads\/2022\/11\/Sans-titre-3-1140x438.jpg 1140w, https:\/\/mpadmin.fr\/wp-content\/uploads\/2022\/11\/Sans-titre-3.jpg 1300w\" sizes=\"auto, (max-width: 768px) 100vw, 768px\" \/>\t\t\t\t\t\t\t\t\t\t\t\t\t\t\t<\/div>\n\t\t\t\t<\/div>\n\t\t\t\t\t<\/div>\n\t\t<\/div>\n\t\t\t\t\t\t\t<\/div>\n\t\t<\/section>\n\t\t\t\t<section class=\"elementor-section elementor-top-section elementor-element elementor-element-6e272cc elementor-section-boxed elementor-section-height-default elementor-section-height-default wpr-particle-no wpr-jarallax-no wpr-parallax-no wpr-sticky-section-no\" data-id=\"6e272cc\" data-element_type=\"section\">\n\t\t\t\t\t\t<div class=\"elementor-container elementor-column-gap-default\">\n\t\t\t\t\t<div class=\"elementor-column elementor-col-100 elementor-top-column elementor-element elementor-element-36ae1d1\" data-id=\"36ae1d1\" data-element_type=\"column\">\n\t\t\t<div class=\"elementor-widget-wrap elementor-element-populated\">\n\t\t\t\t\t\t\t\t<div class=\"elementor-element elementor-element-7952fc1 elementor-widget elementor-widget-text-editor\" data-id=\"7952fc1\" data-element_type=\"widget\" data-widget_type=\"text-editor.default\">\n\t\t\t\t<div class=\"elementor-widget-container\">\n\t\t\t<style>\/*! elementor - v3.7.8 - 02-10-2022 *\/\n.elementor-widget-text-editor.elementor-drop-cap-view-stacked .elementor-drop-cap{background-color:#818a91;color:#fff}.elementor-widget-text-editor.elementor-drop-cap-view-framed .elementor-drop-cap{color:#818a91;border:3px solid;background-color:transparent}.elementor-widget-text-editor:not(.elementor-drop-cap-view-default) .elementor-drop-cap{margin-top:8px}.elementor-widget-text-editor:not(.elementor-drop-cap-view-default) .elementor-drop-cap-letter{width:1em;height:1em}.elementor-widget-text-editor .elementor-drop-cap{float:left;text-align:center;line-height:1;font-size:50px}.elementor-widget-text-editor .elementor-drop-cap-letter{display:inline-block}<\/style>\t\t\t\t<p>\u00a0<\/p><p><a href=\"http:\/\/mpadmin.fr\/?page_id=186\" target=\"_blank\" rel=\"noreferrer noopener\" data-type=\"URL\" data-id=\"http:\/\/mpadmin.fr\/?page_id=186\">Politique de confidentialit\u00e9<\/a> &amp; <a href=\"http:\/\/mpadmin.fr\/?page_id=188\" target=\"_blank\" rel=\"noreferrer noopener\" data-type=\"URL\" data-id=\"http:\/\/mpadmin.fr\/?page_id=188\">conditions g\u00e9n\u00e9rales de vente<\/a><\/p>\t\t\t\t\t\t<\/div>\n\t\t\t\t<\/div>\n\t\t\t\t\t<\/div>\n\t\t<\/div>\n\t\t\t\t\t\t\t<\/div>\n\t\t<\/section>\n\t\t\t\t\t\t\t<\/div>\n\t\t","protected":false},"excerpt":{"rendered":"<p>\u00a0 Politique de confidentialit\u00e9 &amp; conditions g\u00e9n\u00e9rales de vente<\/p>\n","protected":false},"author":1,"featured_media":0,"parent":0,"menu_order":0,"comment_status":"closed","ping_status":"closed","template":"","meta":{"footnotes":""},"class_list":["post-11","page","type-page","status-publish","hentry"],"_links":{"self":[{"href":"https:\/\/mpadmin.fr\/index.php?rest_route=\/wp\/v2\/pages\/11","targetHints":{"allow":["GET"]}}],"collection":[{"href":"https:\/\/mpadmin.fr\/index.php?rest_route=\/wp\/v2\/pages"}],"about":[{"href":"https:\/\/mpadmin.fr\/index.php?rest_route=\/wp\/v2\/types\/page"}],"author":[{"embeddable":true,"href":"https:\/\/mpadmin.fr\/index.php?rest_route=\/wp\/v2\/users\/1"}],"replies":[{"embeddable":true,"href":"https:\/\/mpadmin.fr\/index.php?rest_route=%2Fwp%2Fv2%2Fcomments&post=11"}],"version-history":[{"count":23,"href":"https:\/\/mpadmin.fr\/index.php?rest_route=\/wp\/v2\/pages\/11\/revisions"}],"predecessor-version":[{"id":202,"href":"https:\/\/mpadmin.fr\/index.php?rest_route=\/wp\/v2\/pages\/11\/revisions\/202"}],"wp:attachment":[{"href":"https:\/\/mpadmin.fr\/index.php?rest_route=%2Fwp%2Fv2%2Fmedia&parent=11"}],"curies":[{"name":"wp","href":"https:\/\/api.w.org\/{rel}","templated":true}]}}